{"id":1003,"date":"2020-11-11T22:03:19","date_gmt":"2020-11-11T21:03:19","guid":{"rendered":"http:\/\/flourou.gildeluermoz.fr\/?page_id=1003"},"modified":"2020-11-11T22:03:20","modified_gmt":"2020-11-11T21:03:20","slug":"disponibilites","status":"publish","type":"page","link":"https:\/\/flourou.gildeluermoz.fr\/en\/disponibilites\/","title":{"rendered":"Disponibilit\u00e9s"},"content":{"rendered":"\n<div style=\"margin-bottom: 20px;\">\u00a0<\/div>\n<div class=\"container\">\n<div class=\"card bg-light mb-3\" style=\"max-width: 100%;\"><!-- <h3>Nos disponibilit\u00e9s.<\/h3> -->\n<div class=\"card-header\">Un coup d'oeil sur nos disponibilit\u00e9s ?<\/div>\n<div class=\"card-body\">\n<div class=\"bs-example bs-example-tabs\" data-example-id=\"togglable-tabs\">\n<h6 class=\"card-title text-secondary\">Nos chambres, format 2, 3, 4 ou 6 lits. Avec salle de bains privative... ou pas.<\/h6>\n<ul id=\"myTabs\" class=\"nav nav-tabs\" role=\"tablist\">\n<li class=\"nav-item\"><a id=\"ch2c-tab\" class=\"nav-link active\" role=\"tab\" href=\"#ch2c\" aria-controls=\"ch2c\" data-toggle=\"tab\" aria-expanded=\"true\">\u00e0 2 sdb commune<\/a><\/li>\n<li class=\"nav-item\"><a id=\"ch2p-tab\" class=\"nav-link\" role=\"tab\" href=\"#ch2p\" aria-controls=\"ch2p\" data-toggle=\"tab\">\u00e0 2 sdb privative<\/a><\/li>\n<li class=\"nav-item\"><a id=\"ch3p-tab\" class=\"nav-link\" role=\"tab\" href=\"#ch3p\" aria-controls=\"ch3p\" data-toggle=\"tab\">\u00e0 3 sdb privative<\/a><\/li>\n<li class=\"nav-item\"><a id=\"ch4c-tab\" class=\"nav-link\" role=\"tab\" href=\"#ch4c\" aria-controls=\"ch4c\" data-toggle=\"tab\">\u00e0 4 sdb commune<\/a><\/li>\n<li class=\"nav-item\"><a id=\"ch4p-tab\" class=\"nav-link\" role=\"tab\" href=\"#ch4p\" aria-controls=\"ch4p\" data-toggle=\"tab\">\u00e0 4 sdb privative<\/a><\/li>\n<li class=\"nav-item\"><a id=\"ch6p-tab\" class=\"nav-link\" role=\"tab\" href=\"#ch6p\" aria-controls=\"ch6p\" data-toggle=\"tab\">\u00e0 6 sdb privative<\/a><\/li>\n<\/ul>\n<div id=\"myTabContent\" class=\"tab-content\">\n<div id=\"ch2c\" class=\"tab-pane fade show active\" role=\"tabpanel\" aria-labelledby=\"ch2c-tab\"><iframe style=\"border-style: none; width: 100%; height: 700px;\" src=\"https:\/\/manava.abricode.fr\/rest\/iframe_calend.php?code_ext=e0SnzF44PZ7ZIoNz8&amp;chambre=lot9&amp;nb_mois=12\"><\/iframe><\/div>\n<div id=\"ch2p\" class=\"tab-pane fade\" role=\"tabpanel\" aria-labelledby=\"ch2p-tab\"><iframe style=\"border-style: none; width: 100%; height: 700px;\" src=\"https:\/\/manava.abricode.fr\/rest\/iframe_calend.php?code_ext=e0SnzF44PZ7ZIoNz8&amp;chambre=lot5&amp;nb_mois=12\"><\/iframe><\/div>\n<div id=\"ch3p\" class=\"tab-pane fade\" role=\"tabpanel\" aria-labelledby=\"ch3p-tab\"><iframe style=\"border-style: none; width: 100%; height: 700px;\" src=\"https:\/\/manava.abricode.fr\/rest\/iframe_calend.php?code_ext=e0SnzF44PZ7ZIoNz8&amp;chambre=lot8&amp;nb_mois=12\"><\/iframe><\/div>\n<div id=\"ch4c\" class=\"tab-pane fade\" role=\"tabpanel\" aria-labelledby=\"ch4c-tab\"><iframe style=\"border-style: none; width: 100%; height: 700px;\" src=\"https:\/\/manava.abricode.fr\/rest\/iframe_calend.php?code_ext=e0SnzF44PZ7ZIoNz8&amp;chambre=lot10&amp;nb_mois=12\"><\/iframe><\/div>\n<div id=\"ch4p\" class=\"tab-pane fade\" role=\"tabpanel\" aria-labelledby=\"ch4p-tab\"><iframe style=\"border-style: none; width: 100%; height: 700px;\" src=\"https:\/\/manava.abricode.fr\/rest\/iframe_calend.php?code_ext=e0SnzF44PZ7ZIoNz8&amp;chambre=lot6&amp;nb_mois=12\"><\/iframe><\/div>\n<div id=\"ch6p\" class=\"tab-pane fade\" role=\"tabpanel\" aria-labelledby=\"ch6p-tab\"><iframe style=\"border-style: none; width: 100%; height: 700px;\" src=\"https:\/\/manava.abricode.fr\/rest\/iframe_calend.php?code_ext=e0SnzF44PZ7ZIoNz8&amp;chambre=lot7&amp;nb_mois=12\"><\/iframe><\/div>\n<\/div>\n<\/div>\n<\/div>\n<\/div>\n<div class=\"card bg-light mb-3\" style=\"max-width: 100%;\">\n<div class=\"card-header\">Et hop !<\/div>\n<div class=\"card-body\">\n<h6 class=\"card-title text-secondary\">Faites nous part de vos envies... nous vous r\u00e9pondrons rapidement.<\/h6>\n<iframe style=\"border-style: none; width: 50%; height: 600px; float: left; margin-right: 15px;\" src=\"https:\/\/manava.abricode.fr\/rest\/iframe_resa.php?code_ext=e0SnzF44PZ7ZIoNz8&amp;secure_key=6c4462173c8d3dcd55cecd2c77f3a736\"><\/iframe>\n<div class=\"d-flex p-2\"><img class=\"img-fluid\" src=\"http:\/\/www.leflourou.com\/backoffice\/wp-content\/themes\/studiohavana\/design\/img\/accueil.png\" alt=\"Bienvenue chez nous\" \/><\/div>\n<p class=\"card-text text-info\">Et n'oubliez pas, au Flourou, pour le plaisir de tous, le miam, il est bio et\/ou local. Produits et l\u00e9gumes frais.<\/p>\n<p class=\"card-text text-secondary\">A bient\u00f4t au Flourou. Et au plaisir de faire connaissance.<\/p>\n<div style=\"clear: both;\"><small class=\"card-text text-secondary\">Des fois, on se comprend mieux au t\u00e9l\u00e9phone. N'h\u00e9sitez pas ! 06 83 53 38 60<\/small><\/div>\n<\/div>\n<\/div>\n<div class=\"alert alert-success\" role=\"alert\">\n<h5>Le Flourou vous recommande<\/h5>\n<p>Durant les p\u00e9riodes de vacances en hiver, le g\u00eete est souvent complet et nous privil\u00e9gions les r\u00e9servations \u00e0 la semaine en demie pension. Mettez toutes les chances de votre cot\u00e9. Anticipez. Plut\u00f4t beaucoup si vous \u00eates nombreux !<\/p>\n<\/div>\n<\/div>\n","protected":false},"excerpt":{"rendered":"<p class=\"excerpt\">\u00a0 Un coup d&#8217;oeil sur nos disponibilit\u00e9s ? Nos chambres, format 2, 3, 4 ou 6 lits. Avec salle de bains privative&#8230; ou pas. \u00e0 2 sdb commune \u00e0 2 sdb privative \u00e0 3 sdb privative \u00e0 4 sdb commune \u00e0 4 sdb privative \u00e0 6 sdb privative Et hop ! Faites nous part de [&hellip;]<\/p>\n","protected":false},"author":1,"featured_media":0,"parent":0,"menu_order":1,"comment_status":"closed","ping_status":"closed","template":"page-templates\/dispos.php","meta":[],"_links":{"self":[{"href":"https:\/\/flourou.gildeluermoz.fr\/en\/wp-json\/wp\/v2\/pages\/1003"}],"collection":[{"href":"https:\/\/flourou.gildeluermoz.fr\/en\/wp-json\/wp\/v2\/pages"}],"about":[{"href":"https:\/\/flourou.gildeluermoz.fr\/en\/wp-json\/wp\/v2\/types\/page"}],"author":[{"embeddable":true,"href":"https:\/\/flourou.gildeluermoz.fr\/en\/wp-json\/wp\/v2\/users\/1"}],"replies":[{"embeddable":true,"href":"https:\/\/flourou.gildeluermoz.fr\/en\/wp-json\/wp\/v2\/comments?post=1003"}],"version-history":[{"count":2,"href":"https:\/\/flourou.gildeluermoz.fr\/en\/wp-json\/wp\/v2\/pages\/1003\/revisions"}],"predecessor-version":[{"id":1007,"href":"https:\/\/flourou.gildeluermoz.fr\/en\/wp-json\/wp\/v2\/pages\/1003\/revisions\/1007"}],"wp:attachment":[{"href":"https:\/\/flourou.gildeluermoz.fr\/en\/wp-json\/wp\/v2\/media?parent=1003"}],"curies":[{"name":"wp","href":"https:\/\/api.w.org\/{rel}","templated":true}]}}