{"id":2,"date":"2014-09-15T12:05:30","date_gmt":"2014-09-15T12:05:30","guid":{"rendered":"http:\/\/www.leflourou.com\/backoffice\/?page_id=2"},"modified":"2014-10-29T10:09:07","modified_gmt":"2014-10-29T09:09:07","slug":"le-gite","status":"publish","type":"page","link":"https:\/\/flourou.gildeluermoz.fr\/it\/le-gite\/","title":{"rendered":"Le G\u00eete"},"content":{"rendered":"<p>25 ans de bons et de loyaux services.<\/p>\n<p>C'est depuis tout ce temps que le Flourou offre g\u00eete et couvert \u00a0!<\/p>\n<p>Pourtant cela ne semble qu'hier que cette id\u00e9e germa pour vous ouvrir\u00a0les bras.<\/p>\n<p>Mais soyez pr\u00e9venus !<\/p>\n<p>Certes vous \u00eates\u00a0<strong>bienvenus<\/strong> ... mais les h\u00f4tes de ces lieux vous \u00e9tonneront\u00a0un peu , alors ne soyez \u00a0pas surpris qu'une fois la porte ouverte, une poign\u00e9e de main offerte, un pr\u00e9nom d\u00e9clin\u00e9, on vous somme aussit\u00f4t de quitter vos plus beaux souliers, et l\u00e0 ?<\/p>\n<p>Qu'allez vous faire ? vous rebiffer ? vous taire ?<\/p>\n<p>Lors, vous comprenez que ceux qui vous accueillent, quand ils ne sont pas aux fourneaux \u00e0 cuisiner <strong>un bon repas<\/strong>, jouent\u00a0tour \u00e0 tour les r\u00f4les de Cendrillon des Alpes, des Cosettes des hauteurs\u00a0et\u00a0quand ils ne cuisinent pas, ils astiquent et ils grattent et frottent escaliers, parquets et font briller ceux qu'en d'autres temps nous nommions les commodit\u00e9s !<\/p>\n<p>Alors,\u00a0parlons de cuisine ! Car aujourd'hui, en toute discr\u00e9tion, le Flourou a choisi et depuis longtemps, des produits de qualit\u00e9 que\u00a0nous offrent les paysans des alpes, <strong>le bio, les l\u00e9gumes frais.<\/strong> Ainsi, les plats sont cuisin\u00e9s\u00a0par nos soins alors, promis, il n'y aura pas de tomate, ni de courgette en hiver et pas d'orange en \u00e9t\u00e9 !<\/p>\n<p>Maintenant, d\u00e9tendez vous, c'est d\u00e9j\u00e0 les vacances ! Tout va bien se passer ! \u00a0et il y a m\u00eame un code \"huit filles\"...mais vous pourrez n\u00e9anmoins rest\u00e9 d\u00e9-connect\u00e9 et vous parler en direct...et d\u00e9sol\u00e9 s'il n'y a <strong>pas de t\u00e9l\u00e9 !<\/strong> par contre, des jeux, des BD...allez vous supporter ?<\/p>\n<p>IL ne\u00a0vous reste plus qu'\u00e0 partir dans l'hiver, skis aff\u00fbt\u00e9s, ou fouler le chemin qui se d\u00e9roule aux\u00a0pieds.<\/p>\n","protected":false},"excerpt":{"rendered":"<p class=\"excerpt\">EXPERT GITE<\/p>\n","protected":false},"author":1,"featured_media":124,"parent":0,"menu_order":7,"comment_status":"open","ping_status":"open","template":"page-templates\/le-gite.php","meta":[],"_links":{"self":[{"href":"https:\/\/flourou.gildeluermoz.fr\/it\/wp-json\/wp\/v2\/pages\/2"}],"collection":[{"href":"https:\/\/flourou.gildeluermoz.fr\/it\/wp-json\/wp\/v2\/pages"}],"about":[{"href":"https:\/\/flourou.gildeluermoz.fr\/it\/wp-json\/wp\/v2\/types\/page"}],"author":[{"embeddable":true,"href":"https:\/\/flourou.gildeluermoz.fr\/it\/wp-json\/wp\/v2\/users\/1"}],"replies":[{"embeddable":true,"href":"https:\/\/flourou.gildeluermoz.fr\/it\/wp-json\/wp\/v2\/comments?post=2"}],"version-history":[{"count":26,"href":"https:\/\/flourou.gildeluermoz.fr\/it\/wp-json\/wp\/v2\/pages\/2\/revisions"}],"predecessor-version":[{"id":961,"href":"https:\/\/flourou.gildeluermoz.fr\/it\/wp-json\/wp\/v2\/pages\/2\/revisions\/961"}],"wp:featuredmedia":[{"embeddable":true,"href":"https:\/\/flourou.gildeluermoz.fr\/it\/wp-json\/wp\/v2\/media\/124"}],"wp:attachment":[{"href":"https:\/\/flourou.gildeluermoz.fr\/it\/wp-json\/wp\/v2\/media?parent=2"}],"curies":[{"name":"wp","href":"https:\/\/api.w.org\/{rel}","templated":true}]}}