{"id":22,"date":"2014-09-15T13:42:15","date_gmt":"2014-09-15T12:42:15","guid":{"rendered":"http:\/\/www.leflourou.com\/backoffice\/?page_id=22"},"modified":"2014-10-29T17:30:04","modified_gmt":"2014-10-29T16:30:04","slug":"conditions-generales-de-ventes","status":"publish","type":"page","link":"https:\/\/flourou.gildeluermoz.fr\/it\/conditions-generales-de-ventes\/","title":{"rendered":"Conditions G\u00e9n\u00e9rales de Ventes"},"content":{"rendered":"<p>pour lire les conditions g\u00e9n\u00e9rales de vente merci d'effleurer le lien suivant\u00a0<a href=\"http:\/\/www.leflourou.com\/backoffice\/wp-content\/uploads\/2014\/10\/cgvsite.pdf\">cgvsite<\/a><\/p>\n","protected":false},"excerpt":{"rendered":"<p class=\"excerpt\">pour lire les conditions g\u00e9n\u00e9rales de vente merci d&#8217;effleurer le lien suivant\u00a0cgvsite<\/p>\n","protected":false},"author":1,"featured_media":0,"parent":0,"menu_order":25,"comment_status":"open","ping_status":"open","template":"page-templates\/page-basique.php","meta":[],"_links":{"self":[{"href":"https:\/\/flourou.gildeluermoz.fr\/it\/wp-json\/wp\/v2\/pages\/22"}],"collection":[{"href":"https:\/\/flourou.gildeluermoz.fr\/it\/wp-json\/wp\/v2\/pages"}],"about":[{"href":"https:\/\/flourou.gildeluermoz.fr\/it\/wp-json\/wp\/v2\/types\/page"}],"author":[{"embeddable":true,"href":"https:\/\/flourou.gildeluermoz.fr\/it\/wp-json\/wp\/v2\/users\/1"}],"replies":[{"embeddable":true,"href":"https:\/\/flourou.gildeluermoz.fr\/it\/wp-json\/wp\/v2\/comments?post=22"}],"version-history":[{"count":5,"href":"https:\/\/flourou.gildeluermoz.fr\/it\/wp-json\/wp\/v2\/pages\/22\/revisions"}],"predecessor-version":[{"id":346,"href":"https:\/\/flourou.gildeluermoz.fr\/it\/wp-json\/wp\/v2\/pages\/22\/revisions\/346"}],"wp:attachment":[{"href":"https:\/\/flourou.gildeluermoz.fr\/it\/wp-json\/wp\/v2\/media?parent=22"}],"curies":[{"name":"wp","href":"https:\/\/api.w.org\/{rel}","templated":true}]}}