{"id":31,"date":"2014-09-15T13:44:34","date_gmt":"2014-09-15T12:44:34","guid":{"rendered":"http:\/\/www.leflourou.com\/backoffice\/?page_id=31"},"modified":"2014-10-27T09:39:59","modified_gmt":"2014-10-27T08:39:59","slug":"contact","status":"publish","type":"page","link":"https:\/\/flourou.gildeluermoz.fr\/it\/contact\/","title":{"rendered":"Contact"},"content":{"rendered":"<p>Pour vous situer : Le centre du monde, c'est le Flourou !<\/p>\n<p>Ensuite, autour se trouve le village du Mon\u00eatier-les-bains avec au milieu de la vall\u00e9e \u00a0la rivi\u00e8re la Guisane et sur les pentes nord la station de ski de Serre Chevalier.<\/p>\n<p>En s'\u00e9loignant un peu, on trouve Brian\u00e7on, ses forteresses et sa vielle ville. Tout \u00e7a se trouve en haut \u00e0 gauche d'un d\u00e9partement qui n'a rien de Savoyard, non, non... On appelle cela les Hautes alpes, tout \u00e7a parce qu'avant que les Savoies devinssent fran\u00e7aises, NOUS \u00e9tions les montagnes les plus hautes de France, eh oui ! La barre des Ecrins a 4102 m d'altitude et il y a de la neige dans les alpes du sud...mais oui, mon bon monsieur !<\/p>\n<p>Si on s'\u00e9loigne encore, on va trouver Gap, pr\u00e9fecture du d\u00e9partement...?!... Oui,je sais, en anglais Gap \u00e7a veut dire ''trou'' mais c'est la grande ville de la r\u00e9gion et si \u00a0on s'\u00e9loigne beaucoup, on trouve des villes comme Marseille, Torino (Italie), Lyon, Grenoble. Ah ! Pardon, j'allais oublier Paris ! Elles sont\u00a0tellement paum\u00e9es\u00a0ces villes ..pfff, on a vite fait de les oublier ! Bon apr\u00e8s, je ne crois pas qu'on tombe dans le n\u00e9ant et que la plan\u00e8te soit plate mais je crois qu'on appelle cela l'\u00e9tranger ! \u00e7a fait peur mais nous, on a pas peur. Alors, on parle Anglais, Italien , Allemand, avec les mains et tout ce qu'on peut baragouiner !<\/p>\n<p>Pour le reste, si vous n'avez pas tout compris, il reste google maps ! Il suffit de taper \u00a0\" le Flourou \" et \" le Mon\u00e9tier les bains \", \u00e7a marche aussi...So long, a presto, bis bald !<\/p>\n","protected":false},"excerpt":{"rendered":"<p class=\"excerpt\">CONTACT EXCEPRTY<\/p>\n","protected":false},"author":1,"featured_media":125,"parent":0,"menu_order":19,"comment_status":"open","ping_status":"open","template":"page-templates\/contact.php","meta":[],"_links":{"self":[{"href":"https:\/\/flourou.gildeluermoz.fr\/it\/wp-json\/wp\/v2\/pages\/31"}],"collection":[{"href":"https:\/\/flourou.gildeluermoz.fr\/it\/wp-json\/wp\/v2\/pages"}],"about":[{"href":"https:\/\/flourou.gildeluermoz.fr\/it\/wp-json\/wp\/v2\/types\/page"}],"author":[{"embeddable":true,"href":"https:\/\/flourou.gildeluermoz.fr\/it\/wp-json\/wp\/v2\/users\/1"}],"replies":[{"embeddable":true,"href":"https:\/\/flourou.gildeluermoz.fr\/it\/wp-json\/wp\/v2\/comments?post=31"}],"version-history":[{"count":9,"href":"https:\/\/flourou.gildeluermoz.fr\/it\/wp-json\/wp\/v2\/pages\/31\/revisions"}],"predecessor-version":[{"id":319,"href":"https:\/\/flourou.gildeluermoz.fr\/it\/wp-json\/wp\/v2\/pages\/31\/revisions\/319"}],"wp:featuredmedia":[{"embeddable":true,"href":"https:\/\/flourou.gildeluermoz.fr\/it\/wp-json\/wp\/v2\/media\/125"}],"wp:attachment":[{"href":"https:\/\/flourou.gildeluermoz.fr\/it\/wp-json\/wp\/v2\/media?parent=31"}],"curies":[{"name":"wp","href":"https:\/\/api.w.org\/{rel}","templated":true}]}}